{"id":6384,"date":"2019-08-06T10:17:05","date_gmt":"2019-08-06T10:17:05","guid":{"rendered":"http:\/\/catchthemes.com\/demo\/clean-enterprise-free\/?page_id=6384"},"modified":"2025-07-22T18:06:09","modified_gmt":"2025-07-22T18:06:09","slug":"free-consultation","status":"publish","type":"page","link":"https:\/\/www.pecos.de\/","title":{"rendered":"Digitale Plattformen f\u00fcr moderne Gesch\u00e4ftsprozesse"},"content":{"rendered":"<div class=\"wp-block-image is-style-default\">\n<figure class=\"aligncenter size-large\"><img loading=\"lazy\" decoding=\"async\" width=\"1024\" height=\"437\" src=\"https:\/\/new.pecos.de\/wp-content\/uploads\/2025\/07\/cropped-servicedesk_segelschiff-1024x437.jpeg\" alt=\"\" class=\"wp-image-6775\" srcset=\"https:\/\/www.pecos.de\/wp-content\/uploads\/2025\/07\/cropped-servicedesk_segelschiff-1024x437.jpeg 1024w, https:\/\/www.pecos.de\/wp-content\/uploads\/2025\/07\/cropped-servicedesk_segelschiff-300x128.jpeg 300w, https:\/\/www.pecos.de\/wp-content\/uploads\/2025\/07\/cropped-servicedesk_segelschiff-768x328.jpeg 768w, https:\/\/www.pecos.de\/wp-content\/uploads\/2025\/07\/cropped-servicedesk_segelschiff-1536x656.jpeg 1536w, https:\/\/www.pecos.de\/wp-content\/uploads\/2025\/07\/cropped-servicedesk_segelschiff.jpeg 1920w\" sizes=\"auto, (max-width: 1024px) 100vw, 1024px\" \/><\/figure>\n<\/div>\n\n\n<p>Sie m\u00f6chten Ihre Abl\u00e4ufe digitalisieren, Prozesse automatisieren und Ihre Organisation zukunftssicher aufstellen? <strong>Pecos<\/strong> ist Ihr Partner f\u00fcr smarte Softwarel\u00f6sungen, die Unternehmensprozesse intelligenter, schneller und vernetzter machen.<\/p>\n\n\n\n<p>Mit unseren modularen Plattformen \u2013 <strong>AQuaS-DX<\/strong> f\u00fcr Serviceprozesse und <strong>Povver<\/strong> f\u00fcr HR-, Projekt- und Abrechnungsprozesse \u2013 verbinden wir Menschen, Systeme und Daten nahtlos. Ob im Service-Management, bei der Digitalisierung von HR-Prozessen oder in der automatisierten Projektabrechnung: Wir liefern L\u00f6sungen, die im Alltag wirken.<\/p>\n\n\n\n<p>Unsere Wurzeln liegen in der IT- und Kommunikationsberatung \u2013 heute entwickeln wir zukunftsf\u00e4hige Low-Code-L\u00f6sungen, die sich Ihren Anforderungen anpassen statt umgekehrt.<\/p>\n\n\n\n<p><strong>Ihr Vorteil:<\/strong> stabile, skalierbare Prozesse mit weniger Aufwand, besseren Daten und mehr Transparenz.<\/p>\n\n\n\n<p>\ud83d\udd27 <strong>Sie planen eine digitale Strategie f\u00fcr Ihr Unternehmen?<\/strong><br>Sprechen Sie mit uns \u00fcber eine L\u00f6sung, die zu Ihnen passt \u2013 individuell, effizient und bereit f\u00fcr morgen.<\/p>\n","protected":false},"excerpt":{"rendered":"<p>Sie m\u00f6chten Ihre Abl\u00e4ufe digitalisieren, Prozesse automatisieren und Ihre Organisation zukunftssicher aufstellen? Pecos ist Ihr Partner f\u00fcr smarte Softwarel\u00f6sungen, die Unternehmensprozesse intelligenter, schneller und vernetzter<span class=\"more-button\"><a href=\"https:\/\/www.pecos.de\/\" class=\"more-link\">[weiterlesen]<span class=\"screen-reader-text\">Digitale Plattformen f\u00fcr moderne Gesch\u00e4ftsprozesse<\/span><\/a><\/span><\/p>\n","protected":false},"author":1,"featured_media":6775,"parent":0,"menu_order":0,"comment_status":"closed","ping_status":"closed","template":"templates\/full-width-page.php","meta":{"footnotes":""},"class_list":["post-6384","page","type-page","status-publish","has-post-thumbnail","hentry"],"_links":{"self":[{"href":"https:\/\/www.pecos.de\/index.php?rest_route=\/wp\/v2\/pages\/6384","targetHints":{"allow":["GET"]}}],"collection":[{"href":"https:\/\/www.pecos.de\/index.php?rest_route=\/wp\/v2\/pages"}],"about":[{"href":"https:\/\/www.pecos.de\/index.php?rest_route=\/wp\/v2\/types\/page"}],"author":[{"embeddable":true,"href":"https:\/\/www.pecos.de\/index.php?rest_route=\/wp\/v2\/users\/1"}],"replies":[{"embeddable":true,"href":"https:\/\/www.pecos.de\/index.php?rest_route=%2Fwp%2Fv2%2Fcomments&post=6384"}],"version-history":[{"count":4,"href":"https:\/\/www.pecos.de\/index.php?rest_route=\/wp\/v2\/pages\/6384\/revisions"}],"predecessor-version":[{"id":6796,"href":"https:\/\/www.pecos.de\/index.php?rest_route=\/wp\/v2\/pages\/6384\/revisions\/6796"}],"wp:featuredmedia":[{"embeddable":true,"href":"https:\/\/www.pecos.de\/index.php?rest_route=\/wp\/v2\/media\/6775"}],"wp:attachment":[{"href":"https:\/\/www.pecos.de\/index.php?rest_route=%2Fwp%2Fv2%2Fmedia&parent=6384"}],"curies":[{"name":"wp","href":"https:\/\/api.w.org\/{rel}","templated":true}]}}