{"id":6757,"date":"2025-07-22T13:47:47","date_gmt":"2025-07-22T13:47:47","guid":{"rendered":"https:\/\/new.pecos.de\/?page_id=6757"},"modified":"2025-09-23T09:15:05","modified_gmt":"2025-09-23T09:15:05","slug":"geschaeftsleitung","status":"publish","type":"page","link":"https:\/\/www.pecos.de\/?page_id=6757","title":{"rendered":"Gesch\u00e4ftsleitung"},"content":{"rendered":"\n<figure class=\"wp-block-image size-large is-style-default\"><img loading=\"lazy\" decoding=\"async\" width=\"1024\" height=\"389\" src=\"https:\/\/www.pecos.de\/wp-content\/uploads\/2025\/07\/Skyline_Pforzheim_bunt-1024x389.jpeg\" alt=\"\" class=\"wp-image-6995\" srcset=\"https:\/\/www.pecos.de\/wp-content\/uploads\/2025\/07\/Skyline_Pforzheim_bunt-1024x389.jpeg 1024w, https:\/\/www.pecos.de\/wp-content\/uploads\/2025\/07\/Skyline_Pforzheim_bunt-300x114.jpeg 300w, https:\/\/www.pecos.de\/wp-content\/uploads\/2025\/07\/Skyline_Pforzheim_bunt-768x292.jpeg 768w, https:\/\/www.pecos.de\/wp-content\/uploads\/2025\/07\/Skyline_Pforzheim_bunt-1536x584.jpeg 1536w, https:\/\/www.pecos.de\/wp-content\/uploads\/2025\/07\/Skyline_Pforzheim_bunt-2048x779.jpeg 2048w\" sizes=\"auto, (max-width: 1024px) 100vw, 1024px\" \/><\/figure>\n\n\n\n<h1 class=\"wp-block-heading\">Echte Teamplayer in Sachen Telekommunikation<\/h1>\n\n\n\n<p>Das PECOS-Team vereint hochqualifizierte Experten aus den Bereichen IT, Nachrichtentechnik und Informatik. Mit fundiertem Fachwissen und ausgepr\u00e4gter Kompetenz begleiten wir unsere Kunden bei der Planung, Umsetzung und dem Betrieb moderner Kommunikationsl\u00f6sungen \u2013 und stehen ihnen jederzeit beratend zur Seite. Besonders gesch\u00e4tzt wird dabei unsere Verl\u00e4sslichkeit sowie die umfassende IT-Expertise des PECOS-Teams.<\/p>\n\n\n\n<p>Ein gesundes und wertsch\u00e4tzendes Betriebsklima bildet die Basis unserer Arbeit. Viele unserer Spezialisten sind uns seit Jahren treu, wodurch wir auf ein eingespieltes und erfahrenes Team setzen k\u00f6nnen. Bei speziellen Anforderungen greifen wir zudem auf bew\u00e4hrte Partner zur\u00fcck, um stets ma\u00dfgeschneiderte L\u00f6sungen in h\u00f6chster Qualit\u00e4t zu gew\u00e4hrleisten.<\/p>\n\n\n\n<p>Ihre&nbsp;<strong>Hauptansprechpartner<\/strong>&nbsp;f\u00fcr zuverl\u00e4ssige Serviceprozesse und Telekommunikationsl\u00f6sungen sind<\/p>\n\n\n\n<h2 class=\"wp-block-heading\">Stephan Riese, gesch\u00e4ftsf\u00fchrender Gesellschafter<\/h2>\n\n\n\n<figure class=\"wp-block-image size-full\"><img loading=\"lazy\" decoding=\"async\" width=\"343\" height=\"230\" src=\"https:\/\/www.pecos.de\/wp-content\/uploads\/2025\/07\/stephan_riese_gl.jpg\" alt=\"\" class=\"wp-image-6991\" srcset=\"https:\/\/www.pecos.de\/wp-content\/uploads\/2025\/07\/stephan_riese_gl.jpg 343w, https:\/\/www.pecos.de\/wp-content\/uploads\/2025\/07\/stephan_riese_gl-300x201.jpg 300w\" sizes=\"auto, (max-width: 343px) 100vw, 343px\" \/><\/figure>\n\n\n\n<p>Dipl. Informatiker, Hochschule Karlsruhe<br>Langj\u00e4hrige Erfahrung als Gebietsleiter des Telekommunikationsunternehmens TelDaFax, Lehrbeauftragter an der Hochschule Karlsruhe (Schwerpunkt Datenbanken), \u00fcber 15 Jahre Erfahrung als gesch\u00e4ftsf\u00fchrender Gesellschafter der reputatio AG \u2013 eines der deutschlandweit f\u00fchrenden Unternehmen im Bereich IT &amp; Telekommunikation.<\/p>\n\n\n\n<h2 class=\"wp-block-heading\">Nicole Riese, Prokuristin<\/h2>\n\n\n\n<figure class=\"wp-block-image size-full\"><img loading=\"lazy\" decoding=\"async\" width=\"346\" height=\"232\" src=\"https:\/\/www.pecos.de\/wp-content\/uploads\/2025\/07\/nicole_riese_gl_1.jpg\" alt=\"\" class=\"wp-image-6992\" srcset=\"https:\/\/www.pecos.de\/wp-content\/uploads\/2025\/07\/nicole_riese_gl_1.jpg 346w, https:\/\/www.pecos.de\/wp-content\/uploads\/2025\/07\/nicole_riese_gl_1-300x201.jpg 300w\" sizes=\"auto, (max-width: 346px) 100vw, 346px\" \/><\/figure>\n\n\n\n<p>Nicole Riese verf\u00fcgt \u00fcber mehr als 15 Jahre Erfahrung im kaufm\u00e4nnischen Bereich sowie bei den Themen Organisationsmanagement und Recht im \u00f6ffentlichen Dienst sowie bei einem f\u00fchrenden IT &amp; Telekommunikationsunternehmen. Entsprechend verantwortet Sie die Abteilung Finanzen, Buchhaltung und Inneres (kurz FBI) und ist zudem die Datenschutzbeauftragte des Unternehmens.<\/p>\n","protected":false},"excerpt":{"rendered":"<p>Echte Teamplayer in Sachen Telekommunikation Das PECOS-Team vereint hochqualifizierte Experten aus den Bereichen IT, Nachrichtentechnik und Informatik. Mit fundiertem Fachwissen und ausgepr\u00e4gter Kompetenz begleiten wir<span class=\"more-button\"><a href=\"https:\/\/www.pecos.de\/?page_id=6757\" class=\"more-link\">[weiterlesen]<span class=\"screen-reader-text\">Gesch\u00e4ftsleitung<\/span><\/a><\/span><\/p>\n","protected":false},"author":2,"featured_media":6994,"parent":0,"menu_order":0,"comment_status":"closed","ping_status":"closed","template":"","meta":{"footnotes":""},"class_list":["post-6757","page","type-page","status-publish","has-post-thumbnail","hentry"],"_links":{"self":[{"href":"https:\/\/www.pecos.de\/index.php?rest_route=\/wp\/v2\/pages\/6757","targetHints":{"allow":["GET"]}}],"collection":[{"href":"https:\/\/www.pecos.de\/index.php?rest_route=\/wp\/v2\/pages"}],"about":[{"href":"https:\/\/www.pecos.de\/index.php?rest_route=\/wp\/v2\/types\/page"}],"author":[{"embeddable":true,"href":"https:\/\/www.pecos.de\/index.php?rest_route=\/wp\/v2\/users\/2"}],"replies":[{"embeddable":true,"href":"https:\/\/www.pecos.de\/index.php?rest_route=%2Fwp%2Fv2%2Fcomments&post=6757"}],"version-history":[{"count":14,"href":"https:\/\/www.pecos.de\/index.php?rest_route=\/wp\/v2\/pages\/6757\/revisions"}],"predecessor-version":[{"id":7005,"href":"https:\/\/www.pecos.de\/index.php?rest_route=\/wp\/v2\/pages\/6757\/revisions\/7005"}],"wp:featuredmedia":[{"embeddable":true,"href":"https:\/\/www.pecos.de\/index.php?rest_route=\/wp\/v2\/media\/6994"}],"wp:attachment":[{"href":"https:\/\/www.pecos.de\/index.php?rest_route=%2Fwp%2Fv2%2Fmedia&parent=6757"}],"curies":[{"name":"wp","href":"https:\/\/api.w.org\/{rel}","templated":true}]}}